{"id":782,"date":"2024-03-28T17:29:48","date_gmt":"2024-03-28T17:29:48","guid":{"rendered":"https:\/\/championseafood.es\/?page_id=782"},"modified":"2024-03-28T17:30:24","modified_gmt":"2024-03-28T17:30:24","slug":"politica-de-privacidad","status":"publish","type":"page","link":"https:\/\/championseafood.es\/en\/politica-de-privacidad\/","title":{"rendered":"Privacy Policy"},"content":{"rendered":"<div data-elementor-type=\"wp-page\" data-elementor-id=\"782\" class=\"elementor elementor-782\">\n\t\t\t\t\t\t<section class=\"elementor-section elementor-top-section elementor-element elementor-element-680bc089 elementor-section-boxed elementor-section-height-default elementor-section-height-default\" data-id=\"680bc089\" data-element_type=\"section\" data-e-type=\"section\">\n\t\t\t\t\t\t<div class=\"elementor-container elementor-column-gap-default\">\n\t\t\t\t\t<div class=\"elementor-column elementor-col-100 elementor-top-column elementor-element elementor-element-44723cd7\" data-id=\"44723cd7\" data-element_type=\"column\" data-e-type=\"column\">\n\t\t\t<div class=\"elementor-widget-wrap elementor-element-populated\">\n\t\t\t\t\t\t<div class=\"elementor-element elementor-element-35016b2c elementor-widget elementor-widget-text-editor\" data-id=\"35016b2c\" data-element_type=\"widget\" data-e-type=\"widget\" data-widget_type=\"text-editor.default\">\n\t\t\t\t<div class=\"elementor-widget-container\">\n\t\t\t\t\t\t\t\t\t<p>POL\u00cdTICA DE PRIVACIDAD<\/p><p>En CHAMPION SEAFOOD, S.L. nos preocupamos por la privacidad y la transparencia.<\/p><p>A continuaci\u00f3n, le indicamos en detalle los tratamientos de datos personales que realizamos, as\u00ed como toda la informaci\u00f3n relativa a los mismos.<\/p><p>Tratamiento de los datos de clientes<\/p><table width=\"584\"><tbody><tr><td colspan=\"2\" width=\"584\"><p><strong>Informaci\u00f3n b\u00e1sica sobre Protecci\u00f3n de datos<\/strong><\/p><\/td><\/tr><tr><td width=\"180\"><p><strong>Responsable:<\/strong><\/p><\/td><td width=\"404\"><p>CHAMPION SEAFOOD, S.L.<\/p><\/td><\/tr><tr><td width=\"180\"><p><strong>Finalidad:<\/strong><\/p><\/td><td width=\"404\"><p>Prestar los servicios solicitados y enviar comunicaciones promocionales.<\/p><\/td><\/tr><tr><td width=\"180\"><p><strong>Legitimaci\u00f3n:<\/strong><\/p><\/td><td width=\"404\"><p>Ejecuci\u00f3n de un contrato.<\/p><p>Inter\u00e9s leg\u00edtimo del Responsable.<\/p><\/td><\/tr><tr><td width=\"180\"><p><strong>Destinatarios:<\/strong><\/p><\/td><td width=\"404\"><p>Est\u00e1n previstas cesiones de datos a: Abogado o despacho de abogados contratado por la empresa; Administraci\u00f3n Tributaria; Asesor\u00eda\u00a0 Contable y Fiscal; Consultora de Protecci\u00f3n de datos; Entidades financieras.<\/p><\/td><\/tr><tr><td width=\"180\"><p><strong>Derechos:<\/strong><\/p><\/td><td width=\"404\"><p>Tiene derecho a acceder, rectificar y suprimir los datos, as\u00ed como otros derechos, indicados en la informaci\u00f3n adicional, que puede ejercer dirigi\u00e9ndose a champion@championseafood.es o CAM\u00cd DE LES ERES, 414 &#8211; 46470 &#8211; CATARROJA &#8211; VALENCIA.<\/p><\/td><\/tr><tr><td width=\"180\"><p><strong>Procedencia:<\/strong><\/p><\/td><td width=\"404\"><p>El propio interesado<\/p><\/td><\/tr><\/tbody><\/table><p><strong>\u00a0<\/strong><\/p><p>Informaci\u00f3n completa sobre Protecci\u00f3n de Datos<\/p><ol><li>\u00bfQui\u00e9n es el responsable del tratamiento de sus datos?<\/li><\/ol><p>CHAMPION SEAFOOD, S.L.<\/p><p>B98490022<\/p><p>CAMI DE LES ERES, 414 &#8211; 46470 &#8211; CATARROJA &#8211; VALENCIA<\/p><p>961115775 &#8211; 66445193<\/p><p>mailto:champion@championseafood.es<\/p><ol start=\"2\"><li>\u00bfCon qu\u00e9 finalidad tratamos sus datos personales?<\/li><\/ol><p>En CHAMPION SEAFOOD, S.L. tratamos la informaci\u00f3n que nos facilitan las personas interesadas con el fin de realizar la gesti\u00f3n administrativa, contable y fiscal de los servicios solicitados, as\u00ed como enviar comunicaciones promocionales sobre nuestros productos y servicios. En el caso de que no facilite sus datos personales, no podremos cumplir con las finalidades descritas.<\/p><p>No se van a tomar decisiones automatizadas en base a los datos proporcionados.<\/p><ol start=\"3\"><li>\u00bfPor cu\u00e1nto tiempo conservaremos sus datos?<\/li><\/ol><p>Los datos se conservar\u00e1n mientras el interesado no solicite su supresi\u00f3n, y en su caso, durante los a\u00f1os necesarios para cumplir con las obligaciones legales.<\/p><ol start=\"4\"><li>\u00bfCu\u00e1l es la legitimaci\u00f3n para el tratamiento de sus datos?<\/li><\/ol><p>Le indicamos la base legal para el tratamiento de sus datos:<\/p><ul><li>Ejecuci\u00f3n de un contrato: Gesti\u00f3n fiscal, contable y administrativa de clientes. (RGPD art. 6.1.b).<\/li><li>Inter\u00e9s leg\u00edtimo del Responsable: Env\u00edo de comunicaciones promocionales incluso por v\u00eda electr\u00f3nica. (RGPD Considerando 47, LSSICE art. 21.2).<\/li><\/ul><ol start=\"5\"><li>\u00bfA qu\u00e9 destinatarios se comunicar\u00e1n sus datos?<\/li><\/ol><p>Los datos se comunicar\u00e1n a los siguientes destinatarios:<\/p><ul><li>Abogado o despacho de abogados contratado por la empresa, con la finalidad de gesti\u00f3n de servicios jur\u00eddicos.<\/li><li>Administraci\u00f3n Tributaria, con la finalidad de cumplir con las obligaciones legales (requisito legal).<\/li><li>Asesor\u00eda Contable y Fiscal, con la finalidad de confecci\u00f3n de la contabilidad e impuestos legalmente establecidos (requisito legal).<\/li><li>Consultora de Protecci\u00f3n de datos, con la finalidad de gesti\u00f3n de la protecci\u00f3n de datos.<\/li><li>Entidades financieras, con la finalidad de girar los recibos correspondientes (requisito contractual).<\/li><\/ul><ol start=\"6\"><li>Transferencias de datos a terceros pa\u00edses<\/li><\/ol><p>No est\u00e1n previstas transferencias de datos a terceros pa\u00edses.<\/p><ol start=\"7\"><li>\u00bfCu\u00e1les son sus derechos cuando nos facilita sus datos?<\/li><\/ol><p>Cualquier persona tiene derecho a obtener confirmaci\u00f3n sobre si en CHAMPION SEAFOOD, S.L. estamos tratando, o no, datos personales que les conciernan.<\/p><p>Las personas interesadas tienen derecho a acceder a sus datos personales, as\u00ed como a solicitar la rectificaci\u00f3n de los datos inexactos o, en su caso, solicitar su supresi\u00f3n cuando, entre otros motivos, los datos ya no sean necesarios para los fines que fueron recogidos. Igualmente tiene derecho a la portabilidad de sus datos.<\/p><p>En determinadas circunstancias, los interesados podr\u00e1n solicitar la limitaci\u00f3n del tratamiento de sus datos, en cuyo caso \u00fanicamente los conservaremos para el ejercicio o la defensa de reclamaciones.<\/p><p>En determinadas circunstancias y por motivos relacionados con su situaci\u00f3n particular, los interesados podr\u00e1n oponerse al tratamiento de sus datos. En este caso, CHAMPION SEAFOOD, S.L. dejar\u00e1 de tratar los datos, salvo por motivos leg\u00edtimos imperiosos, o el ejercicio o la defensa de posibles reclamaciones.<\/p><p>Podr\u00e1 ejercitar materialmente sus derechos de la siguiente forma: dirigi\u00e9ndose a champion@championseafood.es o CAM\u00cd DE LES ERES, 414 &#8211; 46470 &#8211; CATARROJA &#8211; VALENCIA.<\/p><p>Cuando se realice el env\u00edo de comunicaciones comerciales utilizando como base jur\u00eddica el inter\u00e9s leg\u00edtimo del responsable, el interesado podr\u00e1 oponerse al tratamiento de sus datos con ese fin.<\/p><p>Si ha otorgado su consentimiento para alguna finalidad concreta, tiene derecho a retirar el consentimiento otorgado en cualquier momento, sin que ello afecte a la licitud del tratamiento basado en el consentimiento previo a su retirada.<\/p><p>En caso de que sienta vulnerados sus derechos en lo concerniente a la protecci\u00f3n de sus datos personales, especialmente cuando no haya obtenido satisfacci\u00f3n en el ejercicio de sus derechos, puede presentar una reclamaci\u00f3n ante la Autoridad de Control en materia de Protecci\u00f3n de Datos competente a trav\u00e9s de su sitio web: www.aepd.es.<\/p><ol start=\"8\"><li>\u00bfC\u00f3mo hemos obtenido sus datos?<\/li><\/ol><p>Los datos personales que tratamos en CHAMPION SEAFOOD, S.L. proceden de: El propio interesado.<\/p><p>Las categor\u00edas de datos que se tratan son:<\/p><ul><li>Datos identificativos.<\/li><li>Direcciones postales y electr\u00f3nicas.<\/li><li>Informaci\u00f3n comercial.<\/li><\/ul><p>\u00a0<\/p><p>Tratamiento de los datos de potenciales clientes y contactos<\/p><table width=\"584\"><tbody><tr><td colspan=\"2\" width=\"584\"><p><strong>Informaci\u00f3n b\u00e1sica sobre Protecci\u00f3n de datos<\/strong><\/p><\/td><\/tr><tr><td width=\"180\"><p><strong>Responsable:<\/strong><\/p><\/td><td width=\"404\"><p>CHAMPION SEAFOOD, S.L.<\/p><\/td><\/tr><tr><td width=\"180\"><p><strong>Finalidad:<\/strong><\/p><\/td><td width=\"404\"><p>Atender su solicitud y enviarle comunicaciones promocionales<\/p><\/td><\/tr><tr><td width=\"180\"><p><strong>Legitimaci\u00f3n:<\/strong><\/p><\/td><td width=\"404\"><p>Ejecuci\u00f3n de un contrato.<\/p><p>Consentimiento del interesado.<\/p><p>Inter\u00e9s leg\u00edtimo del Responsable.<\/p><\/td><\/tr><tr><td width=\"180\"><p><strong>Destinatarios:<\/strong><\/p><\/td><td width=\"404\"><p>Est\u00e1n previstas cesiones de datos a: Consultora de protecci\u00f3n de datos.<\/p><\/td><\/tr><tr><td width=\"180\"><p><strong>Derechos:<\/strong><\/p><\/td><td width=\"404\"><p>Tiene derecho a acceder, rectificar y suprimir los datos, as\u00ed como otros derechos, indicados en la informaci\u00f3n adicional, que puede ejercer dirigi\u00e9ndose a champion@championseafood.es o CAM\u00cd DE LES ERES, 414 &#8211; 46470 &#8211; CATARROJA &#8211; VALENCIA.<\/p><\/td><\/tr><tr><td width=\"180\"><p><strong>Procedencia:<\/strong><\/p><\/td><td width=\"404\"><p>El propio interesado<\/p><\/td><\/tr><\/tbody><\/table><p><strong>\u00a0<\/strong><\/p><p>Informaci\u00f3n completa sobre Protecci\u00f3n de Datos<\/p><ol><li>\u00bfQui\u00e9n es el responsable del tratamiento de sus datos?<\/li><\/ol><p>CHAMPION SEAFOOD, S.L.<\/p><p>B98490022<\/p><p>CAMI DE LES ERES, 414 &#8211; 46470 &#8211; CATARROJA &#8211; VALENCIA<\/p><p>961115775 &#8211; 66445193<\/p><p>mailto:champion@championseafood.es<\/p><ol start=\"2\"><li>\u00bfCon qu\u00e9 finalidad tratamos sus datos personales?<\/li><\/ol><p>En CHAMPION SEAFOOD, S.L. tratamos la informaci\u00f3n que nos facilitan las personas interesadas con el fin de realizar la gesti\u00f3n de potenciales clientes que se han interesado sobre nuestros productos y\/o servicios, as\u00ed como otros contactos comerciales y realizar, en su caso, el env\u00edo de comunicaciones promocionales, inclusive por v\u00eda electr\u00f3nica. En el caso de que no facilite sus datos personales, no podremos cumplir con las finalidades descritas.<\/p><p>No se van a tomar decisiones automatizadas en base a los datos proporcionados.<\/p><ol start=\"3\"><li>\u00bfPor cu\u00e1nto tiempo conservaremos sus datos?<\/li><\/ol><p>Los datos se conservar\u00e1n mientras el interesado no solicite su supresi\u00f3n.<\/p><ol start=\"4\"><li>\u00bfCu\u00e1l es la legitimaci\u00f3n para el tratamiento de sus datos?<\/li><\/ol><p>Le indicamos la base legal para el tratamiento de sus datos:<\/p><ul><li>Ejecuci\u00f3n de un contrato: Gesti\u00f3n de potenciales clientes que se han interesado sobre nuestros productos y\/o servicios. (RGPD, art. 6.1.b).<\/li><li>Consentimiento del interesado: Enviar comunicaciones promocionales, inclusive por v\u00eda electr\u00f3nica. (RGPD, art. 6.1.a, LSSICE art.21).<\/li><li>Inter\u00e9s leg\u00edtimo del Responsable: Gesti\u00f3n de los datos de contacto profesionales (LOPDGDD art.19, RGPD art. 6.1.f).<\/li><\/ul><ol start=\"5\"><li>\u00bfA qu\u00e9 destinatarios se comunicar\u00e1n sus datos?<\/li><\/ol><p>Los datos se comunicar\u00e1n a los siguientes destinatarios:<\/p><ul><li>Consultora de protecci\u00f3n de datos, con la finalidad de gesti\u00f3n de la protecci\u00f3n de datos.<\/li><\/ul><ol start=\"6\"><li>Transferencias de datos a terceros pa\u00edses<\/li><\/ol><p>No est\u00e1n previstas transferencias de datos a terceros pa\u00edses.<\/p><ol start=\"7\"><li>\u00bfCu\u00e1les son sus derechos cuando nos facilita sus datos?<\/li><\/ol><p>Cualquier persona tiene derecho a obtener confirmaci\u00f3n sobre si en CHAMPION SEAFOOD, S.L. estamos tratando, o no, datos personales que les conciernan.<\/p><p>Las personas interesadas tienen derecho a acceder a sus datos personales, as\u00ed como a solicitar la rectificaci\u00f3n de los datos inexactos o, en su caso, solicitar su supresi\u00f3n cuando, entre otros motivos, los datos ya no sean necesarios para los fines que fueron recogidos. Igualmente tiene derecho a la portabilidad de sus datos.<\/p><p>En determinadas circunstancias, los interesados podr\u00e1n solicitar la limitaci\u00f3n del tratamiento de sus datos, en cuyo caso \u00fanicamente los conservaremos para el ejercicio o la defensa de reclamaciones.<\/p><p>En determinadas circunstancias y por motivos relacionados con su situaci\u00f3n particular, los interesados podr\u00e1n oponerse al tratamiento de sus datos. En este caso, CHAMPION SEAFOOD, S.L. dejar\u00e1 de tratar los datos, salvo por motivos leg\u00edtimos imperiosos, o el ejercicio o la defensa de posibles reclamaciones.<\/p><p>Podr\u00e1 ejercitar materialmente sus derechos de la siguiente forma: dirigi\u00e9ndose a champion@championseafood.es o CAM\u00cd DE LES ERES, 414 &#8211; 46470 &#8211; CATARROJA &#8211; VALENCIA.<\/p><p>Cuando se realice el env\u00edo de comunicaciones comerciales utilizando como base jur\u00eddica el inter\u00e9s leg\u00edtimo del responsable, el interesado podr\u00e1 oponerse al tratamiento de sus datos con ese fin.<\/p><p>Si ha otorgado su consentimiento para alguna finalidad concreta, tiene derecho a retirar el consentimiento otorgado en cualquier momento, sin que ello afecte a la licitud del tratamiento basado en el consentimiento previo a su retirada.<\/p><p>En caso de que sienta vulnerados sus derechos en lo concerniente a la protecci\u00f3n de sus datos personales, especialmente cuando no haya obtenido satisfacci\u00f3n en el ejercicio de sus derechos, puede presentar una reclamaci\u00f3n ante la Autoridad de Control en materia de Protecci\u00f3n de Datos competente a trav\u00e9s de su sitio web: www.aepd.es.<\/p><ol start=\"8\"><li>\u00bfC\u00f3mo hemos obtenido sus datos?<\/li><\/ol><p>Los datos personales que tratamos en CHAMPION SEAFOOD, S.L. proceden de: El propio interesado.<\/p><p>Las categor\u00edas de datos que se tratan son:<\/p><ul><li>Datos identificativos.<\/li><li>Direcciones postales y electr\u00f3nicas.<\/li><li>Informaci\u00f3n comercial.<\/li><\/ul>\t\t\t\t\t\t\t\t<\/div>\n\t\t\t\t<\/div>\n\t\t\t\t\t<\/div>\n\t\t<\/div>\n\t\t\t\t\t<\/div>\n\t\t<\/section>\n\t\t\t\t<\/div>","protected":false},"excerpt":{"rendered":"<p>POL\u00cdTICA DE PRIVACIDAD En CHAMPION SEAFOOD, S.L. nos preocupamos por la privacidad y la transparencia. A continuaci\u00f3n, le indicamos en detalle los tratamientos de datos personales que realizamos, as\u00ed como toda la informaci\u00f3n relativa a los mismos. Tratamiento de los datos de clientes Informaci\u00f3n b\u00e1sica sobre Protecci\u00f3n de datos Responsable: CHAMPION SEAFOOD, S.L. Finalidad: Prestar &hellip; <\/p>\n<p class=\"link-more\"><a href=\"https:\/\/championseafood.es\/en\/politica-de-privacidad\/\" class=\"more-link\">Read more<span class=\"screen-reader-text\"> \u00abPol\u00edtica de Privacidad\u00bb<\/span><\/a><\/p>","protected":false},"author":2,"featured_media":0,"parent":0,"menu_order":0,"comment_status":"closed","ping_status":"closed","template":"","meta":{"inspiro_hide_title":false,"footnotes":""},"class_list":["post-782","page","type-page","status-publish","hentry"],"yoast_head":"<!-- This site is optimized with the Yoast SEO plugin v27.3 - https:\/\/yoast.com\/product\/yoast-seo-wordpress\/ -->\n<title>Pol\u00edtica de Privacidad - Championseafood<\/title>\n<meta name=\"robots\" content=\"index, follow, max-snippet:-1, max-image-preview:large, max-video-preview:-1\" \/>\n<link rel=\"canonical\" href=\"https:\/\/championseafood-tt1p3l7qjb.live-website.com\/politica-de-privacidad\/\" \/>\n<meta property=\"og:locale\" content=\"en_GB\" \/>\n<meta property=\"og:type\" content=\"article\" \/>\n<meta property=\"og:title\" content=\"Pol\u00edtica de Privacidad - Championseafood\" \/>\n<meta property=\"og:description\" content=\"POL\u00cdTICA DE PRIVACIDAD En CHAMPION SEAFOOD, S.L. nos preocupamos por la privacidad y la transparencia. A continuaci\u00f3n, le indicamos en detalle los tratamientos de datos personales que realizamos, as\u00ed como toda la informaci\u00f3n relativa a los mismos. Tratamiento de los datos de clientes Informaci\u00f3n b\u00e1sica sobre Protecci\u00f3n de datos Responsable: CHAMPION SEAFOOD, S.L. Finalidad: Prestar &hellip; Read more &quot;Pol\u00edtica de Privacidad&quot;\" \/>\n<meta property=\"og:url\" content=\"https:\/\/championseafood-tt1p3l7qjb.live-website.com\/politica-de-privacidad\/\" \/>\n<meta property=\"og:site_name\" content=\"Championseafood\" \/>\n<meta property=\"article:modified_time\" content=\"2024-03-28T17:30:24+00:00\" \/>\n<meta name=\"twitter:card\" content=\"summary_large_image\" \/>\n<meta name=\"twitter:label1\" content=\"Estimated reading time\" \/>\n\t<meta name=\"twitter:data1\" content=\"7 minutes\" \/>\n<script type=\"application\/ld+json\" class=\"yoast-schema-graph\">{\"@context\":\"https:\\\/\\\/schema.org\",\"@graph\":[{\"@type\":\"WebPage\",\"@id\":\"https:\\\/\\\/championseafood-tt1p3l7qjb.live-website.com\\\/politica-de-privacidad\\\/\",\"url\":\"https:\\\/\\\/championseafood-tt1p3l7qjb.live-website.com\\\/politica-de-privacidad\\\/\",\"name\":\"Pol\u00edtica de Privacidad - Championseafood\",\"isPartOf\":{\"@id\":\"https:\\\/\\\/championseafood-tt1p3l7qjb.live-website.com\\\/#website\"},\"datePublished\":\"2024-03-28T17:29:48+00:00\",\"dateModified\":\"2024-03-28T17:30:24+00:00\",\"breadcrumb\":{\"@id\":\"https:\\\/\\\/championseafood-tt1p3l7qjb.live-website.com\\\/politica-de-privacidad\\\/#breadcrumb\"},\"inLanguage\":\"en-GB\",\"potentialAction\":[{\"@type\":\"ReadAction\",\"target\":[\"https:\\\/\\\/championseafood-tt1p3l7qjb.live-website.com\\\/politica-de-privacidad\\\/\"]}]},{\"@type\":\"BreadcrumbList\",\"@id\":\"https:\\\/\\\/championseafood-tt1p3l7qjb.live-website.com\\\/politica-de-privacidad\\\/#breadcrumb\",\"itemListElement\":[{\"@type\":\"ListItem\",\"position\":1,\"name\":\"Portada\",\"item\":\"https:\\\/\\\/championseafood.es\\\/\"},{\"@type\":\"ListItem\",\"position\":2,\"name\":\"Pol\u00edtica de Privacidad\"}]},{\"@type\":\"WebSite\",\"@id\":\"https:\\\/\\\/championseafood-tt1p3l7qjb.live-website.com\\\/#website\",\"url\":\"https:\\\/\\\/championseafood-tt1p3l7qjb.live-website.com\\\/\",\"name\":\"Championseafood\",\"description\":\"Venta al por mayor de cefal&oacute;podos\",\"publisher\":{\"@id\":\"https:\\\/\\\/championseafood-tt1p3l7qjb.live-website.com\\\/#organization\"},\"potentialAction\":[{\"@type\":\"SearchAction\",\"target\":{\"@type\":\"EntryPoint\",\"urlTemplate\":\"https:\\\/\\\/championseafood-tt1p3l7qjb.live-website.com\\\/?s={search_term_string}\"},\"query-input\":{\"@type\":\"PropertyValueSpecification\",\"valueRequired\":true,\"valueName\":\"search_term_string\"}}],\"inLanguage\":\"en-GB\"},{\"@type\":\"Organization\",\"@id\":\"https:\\\/\\\/championseafood-tt1p3l7qjb.live-website.com\\\/#organization\",\"name\":\"Championseafood\",\"url\":\"https:\\\/\\\/championseafood-tt1p3l7qjb.live-website.com\\\/\",\"logo\":{\"@type\":\"ImageObject\",\"inLanguage\":\"en-GB\",\"@id\":\"https:\\\/\\\/championseafood-tt1p3l7qjb.live-website.com\\\/#\\\/schema\\\/logo\\\/image\\\/\",\"url\":\"https:\\\/\\\/championseafood.es\\\/wp-content\\\/uploads\\\/2023\\\/05\\\/cropped-champion-seafood-valencia-logo-blanco-2.png\",\"contentUrl\":\"https:\\\/\\\/championseafood.es\\\/wp-content\\\/uploads\\\/2023\\\/05\\\/cropped-champion-seafood-valencia-logo-blanco-2.png\",\"width\":500,\"height\":286,\"caption\":\"Championseafood\"},\"image\":{\"@id\":\"https:\\\/\\\/championseafood-tt1p3l7qjb.live-website.com\\\/#\\\/schema\\\/logo\\\/image\\\/\"}}]}<\/script>\n<!-- \/ Yoast SEO plugin. -->","yoast_head_json":{"title":"Pol\u00edtica de Privacidad - Championseafood","robots":{"index":"index","follow":"follow","max-snippet":"max-snippet:-1","max-image-preview":"max-image-preview:large","max-video-preview":"max-video-preview:-1"},"canonical":"https:\/\/championseafood-tt1p3l7qjb.live-website.com\/politica-de-privacidad\/","og_locale":"en_GB","og_type":"article","og_title":"Pol\u00edtica de Privacidad - Championseafood","og_description":"POL\u00cdTICA DE PRIVACIDAD En CHAMPION SEAFOOD, S.L. nos preocupamos por la privacidad y la transparencia. A continuaci\u00f3n, le indicamos en detalle los tratamientos de datos personales que realizamos, as\u00ed como toda la informaci\u00f3n relativa a los mismos. Tratamiento de los datos de clientes Informaci\u00f3n b\u00e1sica sobre Protecci\u00f3n de datos Responsable: CHAMPION SEAFOOD, S.L. Finalidad: Prestar &hellip; Read more \"Pol\u00edtica de Privacidad\"","og_url":"https:\/\/championseafood-tt1p3l7qjb.live-website.com\/politica-de-privacidad\/","og_site_name":"Championseafood","article_modified_time":"2024-03-28T17:30:24+00:00","twitter_card":"summary_large_image","twitter_misc":{"Estimated reading time":"7 minutes"},"schema":{"@context":"https:\/\/schema.org","@graph":[{"@type":"WebPage","@id":"https:\/\/championseafood-tt1p3l7qjb.live-website.com\/politica-de-privacidad\/","url":"https:\/\/championseafood-tt1p3l7qjb.live-website.com\/politica-de-privacidad\/","name":"Pol\u00edtica de Privacidad - Championseafood","isPartOf":{"@id":"https:\/\/championseafood-tt1p3l7qjb.live-website.com\/#website"},"datePublished":"2024-03-28T17:29:48+00:00","dateModified":"2024-03-28T17:30:24+00:00","breadcrumb":{"@id":"https:\/\/championseafood-tt1p3l7qjb.live-website.com\/politica-de-privacidad\/#breadcrumb"},"inLanguage":"en-GB","potentialAction":[{"@type":"ReadAction","target":["https:\/\/championseafood-tt1p3l7qjb.live-website.com\/politica-de-privacidad\/"]}]},{"@type":"BreadcrumbList","@id":"https:\/\/championseafood-tt1p3l7qjb.live-website.com\/politica-de-privacidad\/#breadcrumb","itemListElement":[{"@type":"ListItem","position":1,"name":"Portada","item":"https:\/\/championseafood.es\/"},{"@type":"ListItem","position":2,"name":"Pol\u00edtica de Privacidad"}]},{"@type":"WebSite","@id":"https:\/\/championseafood-tt1p3l7qjb.live-website.com\/#website","url":"https:\/\/championseafood-tt1p3l7qjb.live-website.com\/","name":"Championseafood","description":"Venta al por mayor de cefal&oacute;podos","publisher":{"@id":"https:\/\/championseafood-tt1p3l7qjb.live-website.com\/#organization"},"potentialAction":[{"@type":"SearchAction","target":{"@type":"EntryPoint","urlTemplate":"https:\/\/championseafood-tt1p3l7qjb.live-website.com\/?s={search_term_string}"},"query-input":{"@type":"PropertyValueSpecification","valueRequired":true,"valueName":"search_term_string"}}],"inLanguage":"en-GB"},{"@type":"Organization","@id":"https:\/\/championseafood-tt1p3l7qjb.live-website.com\/#organization","name":"Championseafood","url":"https:\/\/championseafood-tt1p3l7qjb.live-website.com\/","logo":{"@type":"ImageObject","inLanguage":"en-GB","@id":"https:\/\/championseafood-tt1p3l7qjb.live-website.com\/#\/schema\/logo\/image\/","url":"https:\/\/championseafood.es\/wp-content\/uploads\/2023\/05\/cropped-champion-seafood-valencia-logo-blanco-2.png","contentUrl":"https:\/\/championseafood.es\/wp-content\/uploads\/2023\/05\/cropped-champion-seafood-valencia-logo-blanco-2.png","width":500,"height":286,"caption":"Championseafood"},"image":{"@id":"https:\/\/championseafood-tt1p3l7qjb.live-website.com\/#\/schema\/logo\/image\/"}}]}},"featured_media_urls":[],"_links":{"self":[{"href":"https:\/\/championseafood.es\/en\/wp-json\/wp\/v2\/pages\/782","targetHints":{"allow":["GET"]}}],"collection":[{"href":"https:\/\/championseafood.es\/en\/wp-json\/wp\/v2\/pages"}],"about":[{"href":"https:\/\/championseafood.es\/en\/wp-json\/wp\/v2\/types\/page"}],"author":[{"embeddable":true,"href":"https:\/\/championseafood.es\/en\/wp-json\/wp\/v2\/users\/2"}],"replies":[{"embeddable":true,"href":"https:\/\/championseafood.es\/en\/wp-json\/wp\/v2\/comments?post=782"}],"version-history":[{"count":4,"href":"https:\/\/championseafood.es\/en\/wp-json\/wp\/v2\/pages\/782\/revisions"}],"predecessor-version":[{"id":787,"href":"https:\/\/championseafood.es\/en\/wp-json\/wp\/v2\/pages\/782\/revisions\/787"}],"wp:attachment":[{"href":"https:\/\/championseafood.es\/en\/wp-json\/wp\/v2\/media?parent=782"}],"curies":[{"name":"wp","href":"https:\/\/api.w.org\/{rel}","templated":true}]}}